{"id":1976,"date":"2024-11-29T14:28:56","date_gmt":"2024-11-29T12:28:56","guid":{"rendered":"https:\/\/webshop.eiffotboll.fi\/?post_type=product&#038;p=1976"},"modified":"2026-02-16T13:05:04","modified_gmt":"2026-02-16T11:05:04","slug":"kausikortti-2024-yritykset-kopia","status":"publish","type":"product","link":"https:\/\/webshop.eiffotboll.fi\/fi\/produkt\/kausikortti-2024-yritykset-kopia","title":{"rendered":"Kausikortti 2026, yritykset"},"content":{"rendered":"<p>Jalkapallo on parasta LIVE! Lunastamalla Yrityskortin yrityksesi tai organisaatiosi edustaja p\u00e4\u00e4see taatusti kaikkiin EIF:n edustusjoukkueen kotiotteluihin kaudella 2026. Kortti ei ole henkil\u00f6kohtainen, vaan kuka tahansa yrityksess\u00e4si tai organisaatiossasi voi k\u00e4ytt\u00e4\u00e4 sit\u00e4. Tule nauttimaan Centrumplanin tunnelmasta ja kannustamaan Gr\u00f6nvitt voittoon!<\/p>\n","protected":false},"excerpt":{"rendered":"<p>Jalkapallo on parasta LIVE! Lunastamalla Yrityskortin yrityksesi tai organisaatiosi edustaja p\u00e4\u00e4see taatusti kaikkiin EIF:n edustusjoukkueen kotiotteluihin kaudella 2026. Kortti ei ole henkil\u00f6kohtainen, vaan kuka tahansa yrityksess\u00e4si tai organisaatiossasi voi k\u00e4ytt\u00e4\u00e4 sit\u00e4. Tule nauttimaan Centrumplanin tunnelmasta ja kannustamaan Gr\u00f6nvitt voittoon!<\/p>\n","protected":false},"featured_media":2145,"template":"","meta":{"_acf_changed":false},"product_brand":[],"product_cat":[47],"product_tag":[64,65],"class_list":{"0":"post-1976","1":"product","2":"type-product","3":"status-publish","4":"has-post-thumbnail","6":"product_cat-kausikortit","7":"product_tag-kausikortti-fi","8":"product_tag-yritys","10":"first","11":"instock","12":"taxable","13":"shipping-taxable","14":"purchasable","15":"product-type-simple"},"exclude_global_add_ons":false,"addons":[{"name":"Kortinnehavare \/ Kortin haltija","type":"custom_text","position":0,"required":true,"title_format":"label","default":"","description_enable":true,"description":"Kortinnehavarens f\u00f6r- och efternamn \/ Kortin haltijan etu- ja sukunimi","placeholder_enable":false,"placeholder":"","display":"select","restrictions_type":"any_text","adjust_price":false,"price":"","price_type":"flat_fee","restrictions":false,"min":"0","max":"0","options":[]}],"acf":[],"yoast_head":"<!-- This site is optimized with the Yoast SEO plugin v26.9 - https:\/\/yoast.com\/product\/yoast-seo-wordpress\/ -->\n<title>Kausikortti 2026, yritykset - webshop.eiffotboll.fi<\/title>\n<meta name=\"robots\" content=\"noindex, follow, max-snippet:-1, max-image-preview:large, max-video-preview:-1\" \/>\n<meta property=\"og:locale\" content=\"fi_FI\" \/>\n<meta property=\"og:type\" content=\"article\" \/>\n<meta property=\"og:title\" content=\"Kausikortti 2026, yritykset - webshop.eiffotboll.fi\" \/>\n<meta property=\"og:description\" content=\"Jalkapallo on parasta LIVE! Lunastamalla Yrityskortin yrityksesi tai organisaatiosi edustaja p\u00e4\u00e4see taatusti kaikkiin EIF:n edustusjoukkueen kotiotteluihin kaudella 2026. Kortti ei ole henkil\u00f6kohtainen, vaan kuka tahansa yrityksess\u00e4si tai organisaatiossasi voi k\u00e4ytt\u00e4\u00e4 sit\u00e4. Tule nauttimaan Centrumplanin tunnelmasta ja kannustamaan Gr\u00f6nvitt voittoon!\" \/>\n<meta property=\"og:url\" content=\"https:\/\/webshop.eiffotboll.fi\/fi\/produkt\/kausikortti-2024-yritykset-kopia\" \/>\n<meta property=\"og:site_name\" content=\"webshop.eiffotboll.fi\" \/>\n<meta property=\"article:modified_time\" content=\"2026-02-16T11:05:04+00:00\" \/>\n<meta property=\"og:image\" content=\"https:\/\/webshop.eiffotboll.fi\/wp-content\/uploads\/2024\/11\/foretagskort-26.jpg\" \/>\n\t<meta property=\"og:image:width\" content=\"1028\" \/>\n\t<meta property=\"og:image:height\" content=\"650\" \/>\n\t<meta property=\"og:image:type\" content=\"image\/jpeg\" \/>\n<meta name=\"twitter:card\" content=\"summary_large_image\" \/>\n<meta name=\"twitter:label1\" content=\"Arvioitu lukuaika\" \/>\n\t<meta name=\"twitter:data1\" content=\"1 minuutti\" \/>\n<script type=\"application\/ld+json\" class=\"yoast-schema-graph\">{\"@context\":\"https:\/\/schema.org\",\"@graph\":[{\"@type\":\"WebPage\",\"@id\":\"https:\/\/webshop.eiffotboll.fi\/fi\/produkt\/kausikortti-2024-yritykset-kopia\",\"url\":\"https:\/\/webshop.eiffotboll.fi\/fi\/produkt\/kausikortti-2024-yritykset-kopia\",\"name\":\"Kausikortti 2026, yritykset - webshop.eiffotboll.fi\",\"isPartOf\":{\"@id\":\"https:\/\/webshop.eiffotboll.fi\/fi#website\"},\"primaryImageOfPage\":{\"@id\":\"https:\/\/webshop.eiffotboll.fi\/fi\/produkt\/kausikortti-2024-yritykset-kopia#primaryimage\"},\"image\":{\"@id\":\"https:\/\/webshop.eiffotboll.fi\/fi\/produkt\/kausikortti-2024-yritykset-kopia#primaryimage\"},\"thumbnailUrl\":\"https:\/\/webshop.eiffotboll.fi\/wp-content\/uploads\/2024\/11\/foretagskort-26.jpg\",\"datePublished\":\"2024-11-29T12:28:56+00:00\",\"dateModified\":\"2026-02-16T11:05:04+00:00\",\"breadcrumb\":{\"@id\":\"https:\/\/webshop.eiffotboll.fi\/fi\/produkt\/kausikortti-2024-yritykset-kopia#breadcrumb\"},\"inLanguage\":\"fi\",\"potentialAction\":[{\"@type\":\"ReadAction\",\"target\":[\"https:\/\/webshop.eiffotboll.fi\/fi\/produkt\/kausikortti-2024-yritykset-kopia\"]}]},{\"@type\":\"ImageObject\",\"inLanguage\":\"fi\",\"@id\":\"https:\/\/webshop.eiffotboll.fi\/fi\/produkt\/kausikortti-2024-yritykset-kopia#primaryimage\",\"url\":\"https:\/\/webshop.eiffotboll.fi\/wp-content\/uploads\/2024\/11\/foretagskort-26.jpg\",\"contentUrl\":\"https:\/\/webshop.eiffotboll.fi\/wp-content\/uploads\/2024\/11\/foretagskort-26.jpg\",\"width\":1028,\"height\":650},{\"@type\":\"BreadcrumbList\",\"@id\":\"https:\/\/webshop.eiffotboll.fi\/fi\/produkt\/kausikortti-2024-yritykset-kopia#breadcrumb\",\"itemListElement\":[{\"@type\":\"ListItem\",\"position\":1,\"name\":\"Etusivu\",\"item\":\"https:\/\/webshop.eiffotboll.fi\/fi\"},{\"@type\":\"ListItem\",\"position\":2,\"name\":\"Shop\",\"item\":\"https:\/\/webshop.eiffotboll.fi\/fi\/shop-2\"},{\"@type\":\"ListItem\",\"position\":3,\"name\":\"Kausikortti 2026, yritykset\"}]},{\"@type\":\"WebSite\",\"@id\":\"https:\/\/webshop.eiffotboll.fi\/fi#website\",\"url\":\"https:\/\/webshop.eiffotboll.fi\/fi\",\"name\":\"webshop.eiffotboll.fi\",\"description\":\"\",\"publisher\":{\"@id\":\"https:\/\/webshop.eiffotboll.fi\/fi#organization\"},\"potentialAction\":[{\"@type\":\"SearchAction\",\"target\":{\"@type\":\"EntryPoint\",\"urlTemplate\":\"https:\/\/webshop.eiffotboll.fi\/fi?s={search_term_string}\"},\"query-input\":{\"@type\":\"PropertyValueSpecification\",\"valueRequired\":true,\"valueName\":\"search_term_string\"}}],\"inLanguage\":\"fi\"},{\"@type\":\"Organization\",\"@id\":\"https:\/\/webshop.eiffotboll.fi\/fi#organization\",\"name\":\"webshop.eiffotboll.fi\",\"url\":\"https:\/\/webshop.eiffotboll.fi\/fi\",\"logo\":{\"@type\":\"ImageObject\",\"inLanguage\":\"fi\",\"@id\":\"https:\/\/webshop.eiffotboll.fi\/fi#\/schema\/logo\/image\/\",\"url\":\"https:\/\/webshop.eiffotboll.fi\/wp-content\/uploads\/2022\/04\/eif-emblem31.png\",\"contentUrl\":\"https:\/\/webshop.eiffotboll.fi\/wp-content\/uploads\/2022\/04\/eif-emblem31.png\",\"width\":961,\"height\":821,\"caption\":\"webshop.eiffotboll.fi\"},\"image\":{\"@id\":\"https:\/\/webshop.eiffotboll.fi\/fi#\/schema\/logo\/image\/\"}}]}<\/script>\n<!-- \/ Yoast SEO plugin. -->","yoast_head_json":{"title":"Kausikortti 2026, yritykset - webshop.eiffotboll.fi","robots":{"index":"noindex","follow":"follow","max-snippet":"max-snippet:-1","max-image-preview":"max-image-preview:large","max-video-preview":"max-video-preview:-1"},"og_locale":"fi_FI","og_type":"article","og_title":"Kausikortti 2026, yritykset - webshop.eiffotboll.fi","og_description":"Jalkapallo on parasta LIVE! Lunastamalla Yrityskortin yrityksesi tai organisaatiosi edustaja p\u00e4\u00e4see taatusti kaikkiin EIF:n edustusjoukkueen kotiotteluihin kaudella 2026. Kortti ei ole henkil\u00f6kohtainen, vaan kuka tahansa yrityksess\u00e4si tai organisaatiossasi voi k\u00e4ytt\u00e4\u00e4 sit\u00e4. Tule nauttimaan Centrumplanin tunnelmasta ja kannustamaan Gr\u00f6nvitt voittoon!","og_url":"https:\/\/webshop.eiffotboll.fi\/fi\/produkt\/kausikortti-2024-yritykset-kopia","og_site_name":"webshop.eiffotboll.fi","article_modified_time":"2026-02-16T11:05:04+00:00","og_image":[{"width":1028,"height":650,"url":"https:\/\/webshop.eiffotboll.fi\/wp-content\/uploads\/2024\/11\/foretagskort-26.jpg","type":"image\/jpeg"}],"twitter_card":"summary_large_image","twitter_misc":{"Arvioitu lukuaika":"1 minuutti"},"schema":{"@context":"https:\/\/schema.org","@graph":[{"@type":"WebPage","@id":"https:\/\/webshop.eiffotboll.fi\/fi\/produkt\/kausikortti-2024-yritykset-kopia","url":"https:\/\/webshop.eiffotboll.fi\/fi\/produkt\/kausikortti-2024-yritykset-kopia","name":"Kausikortti 2026, yritykset - webshop.eiffotboll.fi","isPartOf":{"@id":"https:\/\/webshop.eiffotboll.fi\/fi#website"},"primaryImageOfPage":{"@id":"https:\/\/webshop.eiffotboll.fi\/fi\/produkt\/kausikortti-2024-yritykset-kopia#primaryimage"},"image":{"@id":"https:\/\/webshop.eiffotboll.fi\/fi\/produkt\/kausikortti-2024-yritykset-kopia#primaryimage"},"thumbnailUrl":"https:\/\/webshop.eiffotboll.fi\/wp-content\/uploads\/2024\/11\/foretagskort-26.jpg","datePublished":"2024-11-29T12:28:56+00:00","dateModified":"2026-02-16T11:05:04+00:00","breadcrumb":{"@id":"https:\/\/webshop.eiffotboll.fi\/fi\/produkt\/kausikortti-2024-yritykset-kopia#breadcrumb"},"inLanguage":"fi","potentialAction":[{"@type":"ReadAction","target":["https:\/\/webshop.eiffotboll.fi\/fi\/produkt\/kausikortti-2024-yritykset-kopia"]}]},{"@type":"ImageObject","inLanguage":"fi","@id":"https:\/\/webshop.eiffotboll.fi\/fi\/produkt\/kausikortti-2024-yritykset-kopia#primaryimage","url":"https:\/\/webshop.eiffotboll.fi\/wp-content\/uploads\/2024\/11\/foretagskort-26.jpg","contentUrl":"https:\/\/webshop.eiffotboll.fi\/wp-content\/uploads\/2024\/11\/foretagskort-26.jpg","width":1028,"height":650},{"@type":"BreadcrumbList","@id":"https:\/\/webshop.eiffotboll.fi\/fi\/produkt\/kausikortti-2024-yritykset-kopia#breadcrumb","itemListElement":[{"@type":"ListItem","position":1,"name":"Etusivu","item":"https:\/\/webshop.eiffotboll.fi\/fi"},{"@type":"ListItem","position":2,"name":"Shop","item":"https:\/\/webshop.eiffotboll.fi\/fi\/shop-2"},{"@type":"ListItem","position":3,"name":"Kausikortti 2026, yritykset"}]},{"@type":"WebSite","@id":"https:\/\/webshop.eiffotboll.fi\/fi#website","url":"https:\/\/webshop.eiffotboll.fi\/fi","name":"webshop.eiffotboll.fi","description":"","publisher":{"@id":"https:\/\/webshop.eiffotboll.fi\/fi#organization"},"potentialAction":[{"@type":"SearchAction","target":{"@type":"EntryPoint","urlTemplate":"https:\/\/webshop.eiffotboll.fi\/fi?s={search_term_string}"},"query-input":{"@type":"PropertyValueSpecification","valueRequired":true,"valueName":"search_term_string"}}],"inLanguage":"fi"},{"@type":"Organization","@id":"https:\/\/webshop.eiffotboll.fi\/fi#organization","name":"webshop.eiffotboll.fi","url":"https:\/\/webshop.eiffotboll.fi\/fi","logo":{"@type":"ImageObject","inLanguage":"fi","@id":"https:\/\/webshop.eiffotboll.fi\/fi#\/schema\/logo\/image\/","url":"https:\/\/webshop.eiffotboll.fi\/wp-content\/uploads\/2022\/04\/eif-emblem31.png","contentUrl":"https:\/\/webshop.eiffotboll.fi\/wp-content\/uploads\/2022\/04\/eif-emblem31.png","width":961,"height":821,"caption":"webshop.eiffotboll.fi"},"image":{"@id":"https:\/\/webshop.eiffotboll.fi\/fi#\/schema\/logo\/image\/"}}]}},"_links":{"self":[{"href":"https:\/\/webshop.eiffotboll.fi\/fi\/wp-json\/wp\/v2\/product\/1976","targetHints":{"allow":["GET"]}}],"collection":[{"href":"https:\/\/webshop.eiffotboll.fi\/fi\/wp-json\/wp\/v2\/product"}],"about":[{"href":"https:\/\/webshop.eiffotboll.fi\/fi\/wp-json\/wp\/v2\/types\/product"}],"wp:featuredmedia":[{"embeddable":true,"href":"https:\/\/webshop.eiffotboll.fi\/fi\/wp-json\/wp\/v2\/media\/2145"}],"wp:attachment":[{"href":"https:\/\/webshop.eiffotboll.fi\/fi\/wp-json\/wp\/v2\/media?parent=1976"}],"wp:term":[{"taxonomy":"product_brand","embeddable":true,"href":"https:\/\/webshop.eiffotboll.fi\/fi\/wp-json\/wp\/v2\/product_brand?post=1976"},{"taxonomy":"product_cat","embeddable":true,"href":"https:\/\/webshop.eiffotboll.fi\/fi\/wp-json\/wp\/v2\/product_cat?post=1976"},{"taxonomy":"product_tag","embeddable":true,"href":"https:\/\/webshop.eiffotboll.fi\/fi\/wp-json\/wp\/v2\/product_tag?post=1976"}],"curies":[{"name":"wp","href":"https:\/\/api.w.org\/{rel}","templated":true}]}}