{"id":1714,"date":"2024-11-29T14:29:02","date_gmt":"2024-11-29T12:29:02","guid":{"rendered":"https:\/\/webshop.eiffotboll.fi\/produkt\/eif-pipo-2"},"modified":"2024-11-14T08:57:41","modified_gmt":"2024-11-14T06:57:41","slug":"eif-pipo-2","status":"publish","type":"product","link":"https:\/\/webshop.eiffotboll.fi\/fi\/produkt\/eif-pipo-2","title":{"rendered":"EIF PIPO"},"content":{"rendered":"<p>M<strong>ateriaali:<\/strong> 97% puuvillaa, 3% elastaania, paino 280g\/m2<strong>Pesuohjeet:<\/strong> 40 astetta, aina pesu pois p\u00e4\u00e4lt\u00e4, ei rumpukuivausta<strong>Koko :<\/strong> Yksi koko<\/p>\n","protected":false},"excerpt":{"rendered":"<p>Materiaali: 97% puuvillaa, 3% elastaania, paino 280g\/m2Pesuohjeet: 40 astetta, aina pesu pois p\u00e4\u00e4lt\u00e4, ei rumpukuivaustaKoko : Yksi koko<\/p>\n","protected":false},"featured_media":1941,"template":"","meta":{"_acf_changed":false},"product_brand":[],"product_cat":[46],"product_tag":[],"class_list":{"0":"post-1714","1":"product","2":"type-product","3":"status-publish","4":"has-post-thumbnail","6":"product_cat-vaatteet","8":"first","9":"instock","10":"taxable","11":"shipping-taxable","12":"purchasable","13":"product-type-simple"},"exclude_global_add_ons":[],"addons":[],"acf":[],"yoast_head":"<!-- This site is optimized with the Yoast SEO plugin v26.9 - https:\/\/yoast.com\/product\/yoast-seo-wordpress\/ -->\n<title>EIF PIPO - webshop.eiffotboll.fi<\/title>\n<meta name=\"robots\" content=\"noindex, follow, max-snippet:-1, max-image-preview:large, max-video-preview:-1\" \/>\n<meta property=\"og:locale\" content=\"fi_FI\" \/>\n<meta property=\"og:type\" content=\"article\" \/>\n<meta property=\"og:title\" content=\"EIF PIPO - webshop.eiffotboll.fi\" \/>\n<meta property=\"og:description\" content=\"Materiaali: 97% puuvillaa, 3% elastaania, paino 280g\/m2Pesuohjeet: 40 astetta, aina pesu pois p\u00e4\u00e4lt\u00e4, ei rumpukuivaustaKoko : Yksi koko\" \/>\n<meta property=\"og:url\" content=\"https:\/\/webshop.eiffotboll.fi\/fi\/produkt\/eif-pipo-2\" \/>\n<meta property=\"og:site_name\" content=\"webshop.eiffotboll.fi\" \/>\n<meta property=\"og:image\" content=\"https:\/\/webshop.eiffotboll.fi\/wp-content\/uploads\/2024\/11\/04b-pipo.jpg\" \/>\n\t<meta property=\"og:image:width\" content=\"1500\" \/>\n\t<meta property=\"og:image:height\" content=\"1500\" \/>\n\t<meta property=\"og:image:type\" content=\"image\/jpeg\" \/>\n<meta name=\"twitter:card\" content=\"summary_large_image\" \/>\n<script type=\"application\/ld+json\" class=\"yoast-schema-graph\">{\"@context\":\"https:\/\/schema.org\",\"@graph\":[{\"@type\":\"WebPage\",\"@id\":\"https:\/\/webshop.eiffotboll.fi\/fi\/produkt\/eif-pipo-2\",\"url\":\"https:\/\/webshop.eiffotboll.fi\/fi\/produkt\/eif-pipo-2\",\"name\":\"EIF PIPO - webshop.eiffotboll.fi\",\"isPartOf\":{\"@id\":\"https:\/\/webshop.eiffotboll.fi\/fi#website\"},\"primaryImageOfPage\":{\"@id\":\"https:\/\/webshop.eiffotboll.fi\/fi\/produkt\/eif-pipo-2#primaryimage\"},\"image\":{\"@id\":\"https:\/\/webshop.eiffotboll.fi\/fi\/produkt\/eif-pipo-2#primaryimage\"},\"thumbnailUrl\":\"https:\/\/webshop.eiffotboll.fi\/wp-content\/uploads\/2024\/11\/04b_pipo_ny_web.jpg\",\"datePublished\":\"2024-11-29T12:29:02+00:00\",\"breadcrumb\":{\"@id\":\"https:\/\/webshop.eiffotboll.fi\/fi\/produkt\/eif-pipo-2#breadcrumb\"},\"inLanguage\":\"fi\",\"potentialAction\":[{\"@type\":\"ReadAction\",\"target\":[\"https:\/\/webshop.eiffotboll.fi\/fi\/produkt\/eif-pipo-2\"]}]},{\"@type\":\"ImageObject\",\"inLanguage\":\"fi\",\"@id\":\"https:\/\/webshop.eiffotboll.fi\/fi\/produkt\/eif-pipo-2#primaryimage\",\"url\":\"https:\/\/webshop.eiffotboll.fi\/wp-content\/uploads\/2024\/11\/04b_pipo_ny_web.jpg\",\"contentUrl\":\"https:\/\/webshop.eiffotboll.fi\/wp-content\/uploads\/2024\/11\/04b_pipo_ny_web.jpg\",\"width\":1500,\"height\":1500},{\"@type\":\"BreadcrumbList\",\"@id\":\"https:\/\/webshop.eiffotboll.fi\/fi\/produkt\/eif-pipo-2#breadcrumb\",\"itemListElement\":[{\"@type\":\"ListItem\",\"position\":1,\"name\":\"Etusivu\",\"item\":\"https:\/\/webshop.eiffotboll.fi\/fi\"},{\"@type\":\"ListItem\",\"position\":2,\"name\":\"Shop\",\"item\":\"https:\/\/webshop.eiffotboll.fi\/fi\/shop-2\"},{\"@type\":\"ListItem\",\"position\":3,\"name\":\"EIF PIPO\"}]},{\"@type\":\"WebSite\",\"@id\":\"https:\/\/webshop.eiffotboll.fi\/fi#website\",\"url\":\"https:\/\/webshop.eiffotboll.fi\/fi\",\"name\":\"webshop.eiffotboll.fi\",\"description\":\"\",\"publisher\":{\"@id\":\"https:\/\/webshop.eiffotboll.fi\/fi#organization\"},\"potentialAction\":[{\"@type\":\"SearchAction\",\"target\":{\"@type\":\"EntryPoint\",\"urlTemplate\":\"https:\/\/webshop.eiffotboll.fi\/fi?s={search_term_string}\"},\"query-input\":{\"@type\":\"PropertyValueSpecification\",\"valueRequired\":true,\"valueName\":\"search_term_string\"}}],\"inLanguage\":\"fi\"},{\"@type\":\"Organization\",\"@id\":\"https:\/\/webshop.eiffotboll.fi\/fi#organization\",\"name\":\"webshop.eiffotboll.fi\",\"url\":\"https:\/\/webshop.eiffotboll.fi\/fi\",\"logo\":{\"@type\":\"ImageObject\",\"inLanguage\":\"fi\",\"@id\":\"https:\/\/webshop.eiffotboll.fi\/fi#\/schema\/logo\/image\/\",\"url\":\"https:\/\/webshop.eiffotboll.fi\/wp-content\/uploads\/2022\/04\/eif-emblem31.png\",\"contentUrl\":\"https:\/\/webshop.eiffotboll.fi\/wp-content\/uploads\/2022\/04\/eif-emblem31.png\",\"width\":961,\"height\":821,\"caption\":\"webshop.eiffotboll.fi\"},\"image\":{\"@id\":\"https:\/\/webshop.eiffotboll.fi\/fi#\/schema\/logo\/image\/\"}}]}<\/script>\n<!-- \/ Yoast SEO plugin. -->","yoast_head_json":{"title":"EIF PIPO - webshop.eiffotboll.fi","robots":{"index":"noindex","follow":"follow","max-snippet":"max-snippet:-1","max-image-preview":"max-image-preview:large","max-video-preview":"max-video-preview:-1"},"og_locale":"fi_FI","og_type":"article","og_title":"EIF PIPO - webshop.eiffotboll.fi","og_description":"Materiaali: 97% puuvillaa, 3% elastaania, paino 280g\/m2Pesuohjeet: 40 astetta, aina pesu pois p\u00e4\u00e4lt\u00e4, ei rumpukuivaustaKoko : Yksi koko","og_url":"https:\/\/webshop.eiffotboll.fi\/fi\/produkt\/eif-pipo-2","og_site_name":"webshop.eiffotboll.fi","og_image":[{"width":1500,"height":1500,"url":"https:\/\/webshop.eiffotboll.fi\/wp-content\/uploads\/2024\/11\/04b-pipo.jpg","type":"image\/jpeg"}],"twitter_card":"summary_large_image","schema":{"@context":"https:\/\/schema.org","@graph":[{"@type":"WebPage","@id":"https:\/\/webshop.eiffotboll.fi\/fi\/produkt\/eif-pipo-2","url":"https:\/\/webshop.eiffotboll.fi\/fi\/produkt\/eif-pipo-2","name":"EIF PIPO - webshop.eiffotboll.fi","isPartOf":{"@id":"https:\/\/webshop.eiffotboll.fi\/fi#website"},"primaryImageOfPage":{"@id":"https:\/\/webshop.eiffotboll.fi\/fi\/produkt\/eif-pipo-2#primaryimage"},"image":{"@id":"https:\/\/webshop.eiffotboll.fi\/fi\/produkt\/eif-pipo-2#primaryimage"},"thumbnailUrl":"https:\/\/webshop.eiffotboll.fi\/wp-content\/uploads\/2024\/11\/04b_pipo_ny_web.jpg","datePublished":"2024-11-29T12:29:02+00:00","breadcrumb":{"@id":"https:\/\/webshop.eiffotboll.fi\/fi\/produkt\/eif-pipo-2#breadcrumb"},"inLanguage":"fi","potentialAction":[{"@type":"ReadAction","target":["https:\/\/webshop.eiffotboll.fi\/fi\/produkt\/eif-pipo-2"]}]},{"@type":"ImageObject","inLanguage":"fi","@id":"https:\/\/webshop.eiffotboll.fi\/fi\/produkt\/eif-pipo-2#primaryimage","url":"https:\/\/webshop.eiffotboll.fi\/wp-content\/uploads\/2024\/11\/04b_pipo_ny_web.jpg","contentUrl":"https:\/\/webshop.eiffotboll.fi\/wp-content\/uploads\/2024\/11\/04b_pipo_ny_web.jpg","width":1500,"height":1500},{"@type":"BreadcrumbList","@id":"https:\/\/webshop.eiffotboll.fi\/fi\/produkt\/eif-pipo-2#breadcrumb","itemListElement":[{"@type":"ListItem","position":1,"name":"Etusivu","item":"https:\/\/webshop.eiffotboll.fi\/fi"},{"@type":"ListItem","position":2,"name":"Shop","item":"https:\/\/webshop.eiffotboll.fi\/fi\/shop-2"},{"@type":"ListItem","position":3,"name":"EIF PIPO"}]},{"@type":"WebSite","@id":"https:\/\/webshop.eiffotboll.fi\/fi#website","url":"https:\/\/webshop.eiffotboll.fi\/fi","name":"webshop.eiffotboll.fi","description":"","publisher":{"@id":"https:\/\/webshop.eiffotboll.fi\/fi#organization"},"potentialAction":[{"@type":"SearchAction","target":{"@type":"EntryPoint","urlTemplate":"https:\/\/webshop.eiffotboll.fi\/fi?s={search_term_string}"},"query-input":{"@type":"PropertyValueSpecification","valueRequired":true,"valueName":"search_term_string"}}],"inLanguage":"fi"},{"@type":"Organization","@id":"https:\/\/webshop.eiffotboll.fi\/fi#organization","name":"webshop.eiffotboll.fi","url":"https:\/\/webshop.eiffotboll.fi\/fi","logo":{"@type":"ImageObject","inLanguage":"fi","@id":"https:\/\/webshop.eiffotboll.fi\/fi#\/schema\/logo\/image\/","url":"https:\/\/webshop.eiffotboll.fi\/wp-content\/uploads\/2022\/04\/eif-emblem31.png","contentUrl":"https:\/\/webshop.eiffotboll.fi\/wp-content\/uploads\/2022\/04\/eif-emblem31.png","width":961,"height":821,"caption":"webshop.eiffotboll.fi"},"image":{"@id":"https:\/\/webshop.eiffotboll.fi\/fi#\/schema\/logo\/image\/"}}]}},"_links":{"self":[{"href":"https:\/\/webshop.eiffotboll.fi\/fi\/wp-json\/wp\/v2\/product\/1714","targetHints":{"allow":["GET"]}}],"collection":[{"href":"https:\/\/webshop.eiffotboll.fi\/fi\/wp-json\/wp\/v2\/product"}],"about":[{"href":"https:\/\/webshop.eiffotboll.fi\/fi\/wp-json\/wp\/v2\/types\/product"}],"wp:featuredmedia":[{"embeddable":true,"href":"https:\/\/webshop.eiffotboll.fi\/fi\/wp-json\/wp\/v2\/media\/1941"}],"wp:attachment":[{"href":"https:\/\/webshop.eiffotboll.fi\/fi\/wp-json\/wp\/v2\/media?parent=1714"}],"wp:term":[{"taxonomy":"product_brand","embeddable":true,"href":"https:\/\/webshop.eiffotboll.fi\/fi\/wp-json\/wp\/v2\/product_brand?post=1714"},{"taxonomy":"product_cat","embeddable":true,"href":"https:\/\/webshop.eiffotboll.fi\/fi\/wp-json\/wp\/v2\/product_cat?post=1714"},{"taxonomy":"product_tag","embeddable":true,"href":"https:\/\/webshop.eiffotboll.fi\/fi\/wp-json\/wp\/v2\/product_tag?post=1714"}],"curies":[{"name":"wp","href":"https:\/\/api.w.org\/{rel}","templated":true}]}}