{"id":939,"date":"2022-05-24T14:40:03","date_gmt":"2022-05-24T11:40:03","guid":{"rendered":"https:\/\/webshop.eiffotboll.fi\/toimitusehdot"},"modified":"2024-02-29T21:23:20","modified_gmt":"2024-02-29T19:23:20","slug":"toimitusehdot","status":"publish","type":"page","link":"https:\/\/webshop.eiffotboll.fi\/fi\/toimitusehdot","title":{"rendered":"Toimitusehdot"},"content":{"rendered":"\t\t<div data-elementor-type=\"wp-page\" data-elementor-id=\"939\" class=\"elementor elementor-939 elementor-120\" data-elementor-post-type=\"page\">\n\t\t\t\t\t\t<section class=\"elementor-section elementor-top-section elementor-element elementor-element-4151eed elementor-section-boxed elementor-section-height-default elementor-section-height-default\" data-id=\"4151eed\" data-element_type=\"section\" data-e-type=\"section\">\n\t\t\t\t\t\t<div class=\"elementor-container elementor-column-gap-default\">\n\t\t\t\t\t<div class=\"elementor-column elementor-col-100 elementor-top-column elementor-element elementor-element-fd963b7\" data-id=\"fd963b7\" data-element_type=\"column\" data-e-type=\"column\">\n\t\t\t<div class=\"elementor-widget-wrap elementor-element-populated\">\n\t\t\t\t\t\t<div class=\"elementor-element elementor-element-3ee6c70 elementor-widget elementor-widget-heading\" data-id=\"3ee6c70\" data-element_type=\"widget\" data-e-type=\"widget\" data-widget_type=\"heading.default\">\n\t\t\t\t<div class=\"elementor-widget-container\">\n\t\t\t\t\t<h1 class=\"elementor-heading-title elementor-size-default\">Toimitusehdot<\/h1>\t\t\t\t<\/div>\n\t\t\t\t<\/div>\n\t\t\t\t\t<\/div>\n\t\t<\/div>\n\t\t\t\t\t<\/div>\n\t\t<\/section>\n\t\t\t\t<section class=\"elementor-section elementor-top-section elementor-element elementor-element-e3f3838 elementor-section-boxed elementor-section-height-default elementor-section-height-default\" data-id=\"e3f3838\" data-element_type=\"section\" data-e-type=\"section\">\n\t\t\t\t\t\t<div class=\"elementor-container elementor-column-gap-default\">\n\t\t\t\t\t<div class=\"elementor-column elementor-col-100 elementor-top-column elementor-element elementor-element-cef566c\" data-id=\"cef566c\" data-element_type=\"column\" data-e-type=\"column\">\n\t\t\t<div class=\"elementor-widget-wrap elementor-element-populated\">\n\t\t\t\t\t\t<div class=\"elementor-element elementor-element-0e36ec4 elementor-widget-divider--view-line elementor-widget elementor-widget-divider\" data-id=\"0e36ec4\" data-element_type=\"widget\" data-e-type=\"widget\" data-widget_type=\"divider.default\">\n\t\t\t\t<div class=\"elementor-widget-container\">\n\t\t\t\t\t\t\t<div class=\"elementor-divider\">\n\t\t\t<span class=\"elementor-divider-separator\">\n\t\t\t\t\t\t<\/span>\n\t\t<\/div>\n\t\t\t\t\t\t<\/div>\n\t\t\t\t<\/div>\n\t\t\t\t\t<\/div>\n\t\t<\/div>\n\t\t\t\t\t<\/div>\n\t\t<\/section>\n\t\t\t\t<section class=\"elementor-section elementor-top-section elementor-element elementor-element-83ff4b8 elementor-section-boxed elementor-section-height-default elementor-section-height-default\" data-id=\"83ff4b8\" data-element_type=\"section\" data-e-type=\"section\">\n\t\t\t\t\t\t<div class=\"elementor-container elementor-column-gap-default\">\n\t\t\t\t\t<div class=\"elementor-column elementor-col-100 elementor-top-column elementor-element elementor-element-3d6b37c\" data-id=\"3d6b37c\" data-element_type=\"column\" data-e-type=\"column\">\n\t\t\t<div class=\"elementor-widget-wrap elementor-element-populated\">\n\t\t\t\t\t\t<div class=\"elementor-element elementor-element-91431ad elementor-widget elementor-widget-text-editor\" data-id=\"91431ad\" data-element_type=\"widget\" data-e-type=\"widget\" data-widget_type=\"text-editor.default\">\n\t\t\t\t<div class=\"elementor-widget-container\">\n\t\t\t\t\t\t\t\t\t<p>N\u00e4m\u00e4 toimitusehdot ovat voimassa 10.12.2022 alkaen.<\/p>\n\t\t\t\t\t\t\t\t<\/div>\n\t\t\t\t<\/div>\n\t\t\t\t\t<\/div>\n\t\t<\/div>\n\t\t\t\t\t<\/div>\n\t\t<\/section>\n\t\t\t\t<section class=\"elementor-section elementor-top-section elementor-element elementor-element-0f9acec elementor-section-boxed elementor-section-height-default elementor-section-height-default\" data-id=\"0f9acec\" data-element_type=\"section\" data-e-type=\"section\">\n\t\t\t\t\t\t<div class=\"elementor-container elementor-column-gap-default\">\n\t\t\t\t\t<div class=\"elementor-column elementor-col-100 elementor-top-column elementor-element elementor-element-bd5b2da\" data-id=\"bd5b2da\" data-element_type=\"column\" data-e-type=\"column\">\n\t\t\t<div class=\"elementor-widget-wrap elementor-element-populated\">\n\t\t\t\t\t\t<div class=\"elementor-element elementor-element-695a265 elementor-widget elementor-widget-heading\" data-id=\"695a265\" data-element_type=\"widget\" data-e-type=\"widget\" data-widget_type=\"heading.default\">\n\t\t\t\t<div class=\"elementor-widget-container\">\n\t\t\t\t\t<h2 class=\"elementor-heading-title elementor-size-default\">Verkkokauppa<\/h2>\t\t\t\t<\/div>\n\t\t\t\t<\/div>\n\t\t\t\t<div class=\"elementor-element elementor-element-4a9b058 elementor-widget elementor-widget-text-editor\" data-id=\"4a9b058\" data-element_type=\"widget\" data-e-type=\"widget\" data-widget_type=\"text-editor.default\">\n\t\t\t\t<div class=\"elementor-widget-container\">\n\t\t\t\t\t\t\t\t\t<p>Kauppa myy tuotteita t\u00e4ysi-ik\u00e4isille yksityishenkil\u00f6ille. Tuotteiden hinnat sis\u00e4lt\u00e4v\u00e4t arvonlis\u00e4veron. Pid\u00e4t\u00e4mme oikeuden hintojen ja toimituskulujen muutoksiin.  <\/p>\n\t\t\t\t\t\t\t\t<\/div>\n\t\t\t\t<\/div>\n\t\t\t\t<div class=\"elementor-element elementor-element-eb1a4b1 elementor-widget elementor-widget-heading\" data-id=\"eb1a4b1\" data-element_type=\"widget\" data-e-type=\"widget\" data-widget_type=\"heading.default\">\n\t\t\t\t<div class=\"elementor-widget-container\">\n\t\t\t\t\t<h2 class=\"elementor-heading-title elementor-size-default\">Tilaaminen<\/h2>\t\t\t\t<\/div>\n\t\t\t\t<\/div>\n\t\t\t\t<div class=\"elementor-element elementor-element-79ab017 elementor-widget elementor-widget-text-editor\" data-id=\"79ab017\" data-element_type=\"widget\" data-e-type=\"widget\" data-widget_type=\"text-editor.default\">\n\t\t\t\t<div class=\"elementor-widget-container\">\n\t\t\t\t\t\t\t\t\t<p>Tuotteet tilataan verkkokaupassa siirt\u00e4m\u00e4ll\u00e4 ne ostoskoriin ja maksamalla ostoskorin sis\u00e4lt\u00f6 verkkomaksupalvelussa. Kaikki asiakastiedot k\u00e4sitell\u00e4\u00e4n luottamuksellisesti. Tilauksen yhteydess\u00e4 kysyttyj\u00e4 yhteystietoja ei k\u00e4ytet\u00e4 muuhun kuin tilauksen toimitukseen tai siin\u00e4 ilmenevien ep\u00e4selvyyksien selvitt\u00e4miseen, ellei erikseen toisin mainita. Tilatessasi verkkokaupasta sinun edellytet\u00e4\u00e4n tutustuneen ja sitoutuneen kulloinkin voimassa oleviin toimitusehtoihin.   <\/p>\n\t\t\t\t\t\t\t\t<\/div>\n\t\t\t\t<\/div>\n\t\t\t\t<div class=\"elementor-element elementor-element-0303a6d elementor-widget elementor-widget-heading\" data-id=\"0303a6d\" data-element_type=\"widget\" data-e-type=\"widget\" data-widget_type=\"heading.default\">\n\t\t\t\t<div class=\"elementor-widget-container\">\n\t\t\t\t\t<h2 class=\"elementor-heading-title elementor-size-default\">Maksaminen ja maksutavat<\/h2>\t\t\t\t<\/div>\n\t\t\t\t<\/div>\n\t\t\t\t<div class=\"elementor-element elementor-element-79bc276 elementor-widget elementor-widget-text-editor\" data-id=\"79bc276\" data-element_type=\"widget\" data-e-type=\"widget\" data-widget_type=\"text-editor.default\">\n\t\t\t\t<div class=\"elementor-widget-container\">\n\t\t\t\t\t\t\t\t\t<p>Maksupalveluna toimii verkkopankkimaksut Verifone BlueCommerrcen toteuttamana. Painamalla \u201dOsta\u201d painiketta hyv\u00e4ksyt EIF-verkkokaupan yleiset ehdot. <\/p>\n\t\t\t\t\t\t\t\t<\/div>\n\t\t\t\t<\/div>\n\t\t\t\t<div class=\"elementor-element elementor-element-07e887d elementor-widget elementor-widget-heading\" data-id=\"07e887d\" data-element_type=\"widget\" data-e-type=\"widget\" data-widget_type=\"heading.default\">\n\t\t\t\t<div class=\"elementor-widget-container\">\n\t\t\t\t\t<h2 class=\"elementor-heading-title elementor-size-default\">Tilaus ja maksuvahvistus<\/h2>\t\t\t\t<\/div>\n\t\t\t\t<\/div>\n\t\t\t\t<div class=\"elementor-element elementor-element-5917e33 elementor-widget elementor-widget-text-editor\" data-id=\"5917e33\" data-element_type=\"widget\" data-e-type=\"widget\" data-widget_type=\"text-editor.default\">\n\t\t\t\t<div class=\"elementor-widget-container\">\n\t\t\t\t\t\t\t\t\t<p>Kun olemme vastaanottaneet tilauksesi, l\u00e4het\u00e4mme sinulle v\u00e4litt\u00f6m\u00e4sti s\u00e4hk\u00f6postilla tilausvahvistuksen, josta n\u00e4kyv\u00e4t tilaustietosi. Tarkista aina tilausvahvistuksen sis\u00e4lt\u00f6. Jos sinulla on kysytt\u00e4v\u00e4\u00e4, ota heti yhteys asiakaspalveluumme. S\u00e4\u00e4st\u00e4 tilausvahvistus mik\u00e4li joudut ottamaan yhteytt\u00e4 asiakaspalveluun. Asioidessasi asiakaspalvelussa pid\u00e4 aina mahdollinen asiakasnumerosi ja tilausnumerosi saatavilla. Tarkasta aina, ett\u00e4 paketin sis\u00e4lt\u00f6 t\u00e4sm\u00e4\u00e4 tilausvahvistuksessa olevien tuotteiden kanssa.     <\/p>\n<p>\nAsiakaspalvelumme yhteystiedot: <a href=\"mailto:webshop@eiffotboll.fi\">webshop@eiffotboll.fi<\/a><\/p>\t\t\t\t\t\t\t\t<\/div>\n\t\t\t\t<\/div>\n\t\t\t\t<div class=\"elementor-element elementor-element-544d6b6 elementor-widget elementor-widget-heading\" data-id=\"544d6b6\" data-element_type=\"widget\" data-e-type=\"widget\" data-widget_type=\"heading.default\">\n\t\t\t\t<div class=\"elementor-widget-container\">\n\t\t\t\t\t<h2 class=\"elementor-heading-title elementor-size-default\">Toimitustavat ja -kulut<\/h2>\t\t\t\t<\/div>\n\t\t\t\t<\/div>\n\t\t\t\t<div class=\"elementor-element elementor-element-06484ce elementor-widget elementor-widget-text-editor\" data-id=\"06484ce\" data-element_type=\"widget\" data-e-type=\"widget\" data-widget_type=\"text-editor.default\">\n\t\t\t\t<div class=\"elementor-widget-container\">\n\t\t\t\t\t\t\t\t\t<p>Tilatut tuotteet toimitetaan postitse tilauksen yhteydess\u00e4 ilmoitettuun osoitteeseen.<\/p>\t\t\t\t\t\t\t\t<\/div>\n\t\t\t\t<\/div>\n\t\t\t\t<div class=\"elementor-element elementor-element-4e4a36b elementor-widget elementor-widget-heading\" data-id=\"4e4a36b\" data-element_type=\"widget\" data-e-type=\"widget\" data-widget_type=\"heading.default\">\n\t\t\t\t<div class=\"elementor-widget-container\">\n\t\t\t\t\t<h2 class=\"elementor-heading-title elementor-size-default\">Toimitusaika<\/h2>\t\t\t\t<\/div>\n\t\t\t\t<\/div>\n\t\t\t\t<div class=\"elementor-element elementor-element-bf47d00 elementor-widget elementor-widget-text-editor\" data-id=\"bf47d00\" data-element_type=\"widget\" data-e-type=\"widget\" data-widget_type=\"text-editor.default\">\n\t\t\t\t<div class=\"elementor-widget-container\">\n\t\t\t\t\t\t\t\t\t<p>Tilaus pyrit\u00e4\u00e4n l\u00e4hett\u00e4m\u00e4\u00e4n viikon sis\u00e4ll\u00e4 onnistuneesta tilauksesta. Emme vastaa ylivoimaisen esteen aiheuttamista viiv\u00e4stymisist\u00e4 tai viiv\u00e4stysten aiheuttamista v\u00e4lillisist\u00e4 haitoista. Verkkokauppa tiedottaa sivuillaan poikkeavista toimitusajoista.  <\/p>\n<h3><strong>Palautusehdot<\/strong><\/h3>\n<p>\nPalautusaika on 14 p\u00e4iv\u00e4\u00e4. Tuote palautetaan yll\u00e4 mainittuun EIF-fanikauppaan em. ajan kuluessa ostotapahtumasta. Mahdollinen rahojen palautus tapahtuu my\u00f6s siell\u00e4. Mik\u00e4li palautettava tuote on vahingoittunut ostajan toimesta, tuotteesta maksettua hintaa ei palauteta.   <\/p>\n<h3><strong>Lunastamaton tilaus<\/strong><\/h3>\n<p>Lunastamatta j\u00e4tt\u00e4minen ei ole sama asia kuin palautus tai peruutus. Lunastamatta j\u00e4tetyst\u00e4 paketista, josta ei ole tehty erillist\u00e4 peruutusilmoitusta, perimme toimituskustannukset. <\/p>\t\t\t\t\t\t\t\t<\/div>\n\t\t\t\t<\/div>\n\t\t\t\t<div class=\"elementor-element elementor-element-95f2b7d elementor-widget elementor-widget-heading\" data-id=\"95f2b7d\" data-element_type=\"widget\" data-e-type=\"widget\" data-widget_type=\"heading.default\">\n\t\t\t\t<div class=\"elementor-widget-container\">\n\t\t\t\t\t<h2 class=\"elementor-heading-title elementor-size-default\">Ongelmatilanteet<\/h2>\t\t\t\t<\/div>\n\t\t\t\t<\/div>\n\t\t\t\t<div class=\"elementor-element elementor-element-3835618 elementor-widget elementor-widget-text-editor\" data-id=\"3835618\" data-element_type=\"widget\" data-e-type=\"widget\" data-widget_type=\"text-editor.default\">\n\t\t\t\t<div class=\"elementor-widget-container\">\n\t\t\t\t\t\t\t\t\t<p>Mik\u00e4li tuote on vioittunut tai se ei muuten vastaa tilaustasi, tulee sinun ilmoittaa virheest\u00e4 viimeist\u00e4\u00e4n 14 p\u00e4iv\u00e4n kuluessa kirjallisesti Peruutusoikeus ja palautusehdot -kohdassa mainittuun osoitteeseen tai soittamalla yhteystiedoissa mainittuun puhelinnumeroon. Jos paketti on selv\u00e4sti vaurioitunut kuljetuksessa, teid\u00e4n t\u00e4ytyy tehd\u00e4 v\u00e4litt\u00f6m\u00e4sti asiasta reklamaatio EIF-fanikauppaan. <\/p>\n\t\t\t\t\t\t\t\t<\/div>\n\t\t\t\t<\/div>\n\t\t\t\t\t<\/div>\n\t\t<\/div>\n\t\t\t\t\t<\/div>\n\t\t<\/section>\n\t\t\t\t<\/div>\n\t\t","protected":false},"excerpt":{"rendered":"<p>Toimitusehdot N\u00e4m\u00e4 toimitusehdot ovat voimassa 10.12.2022 alkaen. Verkkokauppa Kauppa myy tuotteita t\u00e4ysi-ik\u00e4isille yksityishenkil\u00f6ille. Tuotteiden hinnat sis\u00e4lt\u00e4v\u00e4t arvonlis\u00e4veron. Pid\u00e4t\u00e4mme oikeuden hintojen ja toimituskulujen muutoksiin. Tilaaminen Tuotteet tilataan verkkokaupassa siirt\u00e4m\u00e4ll\u00e4 ne ostoskoriin ja maksamalla ostoskorin sis\u00e4lt\u00f6 verkkomaksupalvelussa. Kaikki asiakastiedot k\u00e4sitell\u00e4\u00e4n luottamuksellisesti. Tilauksen yhteydess\u00e4 kysyttyj\u00e4 yhteystietoja ei k\u00e4ytet\u00e4 muuhun kuin tilauksen toimitukseen tai siin\u00e4 ilmenevien ep\u00e4selvyyksien selvitt\u00e4miseen, ellei [&hellip;]<\/p>\n","protected":false},"author":47,"featured_media":0,"parent":0,"menu_order":0,"comment_status":"closed","ping_status":"closed","template":"elementor_header_footer","meta":{"_acf_changed":false,"footnotes":""},"class_list":["post-939","page","type-page","status-publish","hentry"],"acf":[],"yoast_head":"<!-- This site is optimized with the Yoast SEO plugin v26.9 - https:\/\/yoast.com\/product\/yoast-seo-wordpress\/ -->\n<title>Toimitusehdot - EIF Fotboll Shop<\/title>\n<meta name=\"robots\" content=\"noindex, follow, max-snippet:-1, max-image-preview:large, max-video-preview:-1\" \/>\n<meta property=\"og:locale\" content=\"fi_FI\" \/>\n<meta property=\"og:type\" content=\"article\" \/>\n<meta property=\"og:title\" content=\"Toimitusehdot - EIF Fotboll Shop\" \/>\n<meta property=\"og:description\" content=\"Toimitusehdot N\u00e4m\u00e4 toimitusehdot ovat voimassa 10.12.2022 alkaen. Verkkokauppa Kauppa myy tuotteita t\u00e4ysi-ik\u00e4isille yksityishenkil\u00f6ille. Tuotteiden hinnat sis\u00e4lt\u00e4v\u00e4t arvonlis\u00e4veron. Pid\u00e4t\u00e4mme oikeuden hintojen ja toimituskulujen muutoksiin. Tilaaminen Tuotteet tilataan verkkokaupassa siirt\u00e4m\u00e4ll\u00e4 ne ostoskoriin ja maksamalla ostoskorin sis\u00e4lt\u00f6 verkkomaksupalvelussa. Kaikki asiakastiedot k\u00e4sitell\u00e4\u00e4n luottamuksellisesti. Tilauksen yhteydess\u00e4 kysyttyj\u00e4 yhteystietoja ei k\u00e4ytet\u00e4 muuhun kuin tilauksen toimitukseen tai siin\u00e4 ilmenevien ep\u00e4selvyyksien selvitt\u00e4miseen, ellei [&hellip;]\" \/>\n<meta property=\"og:url\" content=\"https:\/\/webshop.eiffotboll.fi\/fi\/toimitusehdot\" \/>\n<meta property=\"og:site_name\" content=\"webshop.eiffotboll.fi\" \/>\n<meta property=\"article:modified_time\" content=\"2024-02-29T19:23:20+00:00\" \/>\n<meta name=\"twitter:card\" content=\"summary_large_image\" \/>\n<meta name=\"twitter:label1\" content=\"Arvioitu lukuaika\" \/>\n\t<meta name=\"twitter:data1\" content=\"2 minuuttia\" \/>\n<script type=\"application\/ld+json\" class=\"yoast-schema-graph\">{\"@context\":\"https:\/\/schema.org\",\"@graph\":[{\"@type\":\"WebPage\",\"@id\":\"https:\/\/webshop.eiffotboll.fi\/fi\/toimitusehdot\",\"url\":\"https:\/\/webshop.eiffotboll.fi\/fi\/toimitusehdot\",\"name\":\"Toimitusehdot - EIF Fotboll Shop\",\"isPartOf\":{\"@id\":\"https:\/\/webshop.eiffotboll.fi\/fi#website\"},\"datePublished\":\"2022-05-24T11:40:03+00:00\",\"dateModified\":\"2024-02-29T19:23:20+00:00\",\"breadcrumb\":{\"@id\":\"https:\/\/webshop.eiffotboll.fi\/fi\/toimitusehdot#breadcrumb\"},\"inLanguage\":\"fi\",\"potentialAction\":[{\"@type\":\"ReadAction\",\"target\":[\"https:\/\/webshop.eiffotboll.fi\/fi\/toimitusehdot\"]}]},{\"@type\":\"BreadcrumbList\",\"@id\":\"https:\/\/webshop.eiffotboll.fi\/fi\/toimitusehdot#breadcrumb\",\"itemListElement\":[{\"@type\":\"ListItem\",\"position\":1,\"name\":\"Etusivu\",\"item\":\"https:\/\/webshop.eiffotboll.fi\/fi\"},{\"@type\":\"ListItem\",\"position\":2,\"name\":\"Toimitusehdot\"}]},{\"@type\":\"WebSite\",\"@id\":\"https:\/\/webshop.eiffotboll.fi\/fi#website\",\"url\":\"https:\/\/webshop.eiffotboll.fi\/fi\",\"name\":\"webshop.eiffotboll.fi\",\"description\":\"\",\"publisher\":{\"@id\":\"https:\/\/webshop.eiffotboll.fi\/fi#organization\"},\"potentialAction\":[{\"@type\":\"SearchAction\",\"target\":{\"@type\":\"EntryPoint\",\"urlTemplate\":\"https:\/\/webshop.eiffotboll.fi\/fi?s={search_term_string}\"},\"query-input\":{\"@type\":\"PropertyValueSpecification\",\"valueRequired\":true,\"valueName\":\"search_term_string\"}}],\"inLanguage\":\"fi\"},{\"@type\":\"Organization\",\"@id\":\"https:\/\/webshop.eiffotboll.fi\/fi#organization\",\"name\":\"webshop.eiffotboll.fi\",\"url\":\"https:\/\/webshop.eiffotboll.fi\/fi\",\"logo\":{\"@type\":\"ImageObject\",\"inLanguage\":\"fi\",\"@id\":\"https:\/\/webshop.eiffotboll.fi\/fi#\/schema\/logo\/image\/\",\"url\":\"https:\/\/webshop.eiffotboll.fi\/wp-content\/uploads\/2022\/04\/eif-emblem31.png\",\"contentUrl\":\"https:\/\/webshop.eiffotboll.fi\/wp-content\/uploads\/2022\/04\/eif-emblem31.png\",\"width\":961,\"height\":821,\"caption\":\"webshop.eiffotboll.fi\"},\"image\":{\"@id\":\"https:\/\/webshop.eiffotboll.fi\/fi#\/schema\/logo\/image\/\"}}]}<\/script>\n<!-- \/ Yoast SEO plugin. -->","yoast_head_json":{"title":"Toimitusehdot - EIF Fotboll Shop","robots":{"index":"noindex","follow":"follow","max-snippet":"max-snippet:-1","max-image-preview":"max-image-preview:large","max-video-preview":"max-video-preview:-1"},"og_locale":"fi_FI","og_type":"article","og_title":"Toimitusehdot - EIF Fotboll Shop","og_description":"Toimitusehdot N\u00e4m\u00e4 toimitusehdot ovat voimassa 10.12.2022 alkaen. Verkkokauppa Kauppa myy tuotteita t\u00e4ysi-ik\u00e4isille yksityishenkil\u00f6ille. Tuotteiden hinnat sis\u00e4lt\u00e4v\u00e4t arvonlis\u00e4veron. Pid\u00e4t\u00e4mme oikeuden hintojen ja toimituskulujen muutoksiin. Tilaaminen Tuotteet tilataan verkkokaupassa siirt\u00e4m\u00e4ll\u00e4 ne ostoskoriin ja maksamalla ostoskorin sis\u00e4lt\u00f6 verkkomaksupalvelussa. Kaikki asiakastiedot k\u00e4sitell\u00e4\u00e4n luottamuksellisesti. Tilauksen yhteydess\u00e4 kysyttyj\u00e4 yhteystietoja ei k\u00e4ytet\u00e4 muuhun kuin tilauksen toimitukseen tai siin\u00e4 ilmenevien ep\u00e4selvyyksien selvitt\u00e4miseen, ellei [&hellip;]","og_url":"https:\/\/webshop.eiffotboll.fi\/fi\/toimitusehdot","og_site_name":"webshop.eiffotboll.fi","article_modified_time":"2024-02-29T19:23:20+00:00","twitter_card":"summary_large_image","twitter_misc":{"Arvioitu lukuaika":"2 minuuttia"},"schema":{"@context":"https:\/\/schema.org","@graph":[{"@type":"WebPage","@id":"https:\/\/webshop.eiffotboll.fi\/fi\/toimitusehdot","url":"https:\/\/webshop.eiffotboll.fi\/fi\/toimitusehdot","name":"Toimitusehdot - EIF Fotboll Shop","isPartOf":{"@id":"https:\/\/webshop.eiffotboll.fi\/fi#website"},"datePublished":"2022-05-24T11:40:03+00:00","dateModified":"2024-02-29T19:23:20+00:00","breadcrumb":{"@id":"https:\/\/webshop.eiffotboll.fi\/fi\/toimitusehdot#breadcrumb"},"inLanguage":"fi","potentialAction":[{"@type":"ReadAction","target":["https:\/\/webshop.eiffotboll.fi\/fi\/toimitusehdot"]}]},{"@type":"BreadcrumbList","@id":"https:\/\/webshop.eiffotboll.fi\/fi\/toimitusehdot#breadcrumb","itemListElement":[{"@type":"ListItem","position":1,"name":"Etusivu","item":"https:\/\/webshop.eiffotboll.fi\/fi"},{"@type":"ListItem","position":2,"name":"Toimitusehdot"}]},{"@type":"WebSite","@id":"https:\/\/webshop.eiffotboll.fi\/fi#website","url":"https:\/\/webshop.eiffotboll.fi\/fi","name":"webshop.eiffotboll.fi","description":"","publisher":{"@id":"https:\/\/webshop.eiffotboll.fi\/fi#organization"},"potentialAction":[{"@type":"SearchAction","target":{"@type":"EntryPoint","urlTemplate":"https:\/\/webshop.eiffotboll.fi\/fi?s={search_term_string}"},"query-input":{"@type":"PropertyValueSpecification","valueRequired":true,"valueName":"search_term_string"}}],"inLanguage":"fi"},{"@type":"Organization","@id":"https:\/\/webshop.eiffotboll.fi\/fi#organization","name":"webshop.eiffotboll.fi","url":"https:\/\/webshop.eiffotboll.fi\/fi","logo":{"@type":"ImageObject","inLanguage":"fi","@id":"https:\/\/webshop.eiffotboll.fi\/fi#\/schema\/logo\/image\/","url":"https:\/\/webshop.eiffotboll.fi\/wp-content\/uploads\/2022\/04\/eif-emblem31.png","contentUrl":"https:\/\/webshop.eiffotboll.fi\/wp-content\/uploads\/2022\/04\/eif-emblem31.png","width":961,"height":821,"caption":"webshop.eiffotboll.fi"},"image":{"@id":"https:\/\/webshop.eiffotboll.fi\/fi#\/schema\/logo\/image\/"}}]}},"_links":{"self":[{"href":"https:\/\/webshop.eiffotboll.fi\/fi\/wp-json\/wp\/v2\/pages\/939","targetHints":{"allow":["GET"]}}],"collection":[{"href":"https:\/\/webshop.eiffotboll.fi\/fi\/wp-json\/wp\/v2\/pages"}],"about":[{"href":"https:\/\/webshop.eiffotboll.fi\/fi\/wp-json\/wp\/v2\/types\/page"}],"author":[{"embeddable":true,"href":"https:\/\/webshop.eiffotboll.fi\/fi\/wp-json\/wp\/v2\/users\/47"}],"replies":[{"embeddable":true,"href":"https:\/\/webshop.eiffotboll.fi\/fi\/wp-json\/wp\/v2\/comments?post=939"}],"version-history":[{"count":14,"href":"https:\/\/webshop.eiffotboll.fi\/fi\/wp-json\/wp\/v2\/pages\/939\/revisions"}],"predecessor-version":[{"id":1627,"href":"https:\/\/webshop.eiffotboll.fi\/fi\/wp-json\/wp\/v2\/pages\/939\/revisions\/1627"}],"wp:attachment":[{"href":"https:\/\/webshop.eiffotboll.fi\/fi\/wp-json\/wp\/v2\/media?parent=939"}],"curies":[{"name":"wp","href":"https:\/\/api.w.org\/{rel}","templated":true}]}}