{"id":838,"date":"2022-05-24T14:49:55","date_gmt":"2022-05-24T11:49:55","guid":{"rendered":"https:\/\/webshop.eiffotboll.fi\/etusivu"},"modified":"2022-12-21T08:43:31","modified_gmt":"2022-12-21T06:43:31","slug":"startsida","status":"publish","type":"page","link":"https:\/\/webshop.eiffotboll.fi\/fi","title":{"rendered":"Etusivu"},"content":{"rendered":"\t\t<div data-elementor-type=\"wp-page\" data-elementor-id=\"838\" class=\"elementor elementor-838 elementor-131\" data-elementor-post-type=\"page\">\n\t\t\t\t\t\t<section class=\"elementor-section elementor-top-section elementor-element elementor-element-497f202 elementor-section-full_width elementor-section-height-min-height elementor-section-items-top elementor-section-height-default\" data-id=\"497f202\" data-element_type=\"section\" data-e-type=\"section\" data-settings=\"{&quot;background_background&quot;:&quot;slideshow&quot;,&quot;background_slideshow_gallery&quot;:[{&quot;id&quot;:675,&quot;url&quot;:&quot;https:\\\/\\\/webshop.eiffotboll.fi\\\/wp-content\\\/uploads\\\/2022\\\/09\\\/EIF_startsida_1.jpg&quot;},{&quot;id&quot;:150,&quot;url&quot;:&quot;https:\\\/\\\/webshop.eiffotboll.fi\\\/wp-content\\\/uploads\\\/2022\\\/05\\\/shop_banner.jpeg&quot;}],&quot;background_slideshow_transition_duration&quot;:800,&quot;background_slideshow_loop&quot;:&quot;yes&quot;,&quot;background_slideshow_slide_duration&quot;:5000,&quot;background_slideshow_slide_transition&quot;:&quot;fade&quot;}\">\n\t\t\t\t\t\t<div class=\"elementor-container elementor-column-gap-default\">\n\t\t\t\t\t<div class=\"elementor-column elementor-col-100 elementor-top-column elementor-element elementor-element-6363415\" data-id=\"6363415\" data-element_type=\"column\" data-e-type=\"column\" data-settings=\"{&quot;background_background&quot;:&quot;slideshow&quot;,&quot;background_slideshow_gallery&quot;:[],&quot;background_slideshow_loop&quot;:&quot;yes&quot;,&quot;background_slideshow_slide_duration&quot;:5000,&quot;background_slideshow_slide_transition&quot;:&quot;fade&quot;,&quot;background_slideshow_transition_duration&quot;:500}\">\n\t\t\t<div class=\"elementor-widget-wrap\">\n\t\t\t\t\t\t\t<\/div>\n\t\t<\/div>\n\t\t\t\t\t<\/div>\n\t\t<\/section>\n\t\t\t\t<section class=\"elementor-section elementor-top-section elementor-element elementor-element-1c37af0 elementor-section-boxed elementor-section-height-default elementor-section-height-default\" data-id=\"1c37af0\" data-element_type=\"section\" data-e-type=\"section\">\n\t\t\t\t\t\t<div class=\"elementor-container elementor-column-gap-default\">\n\t\t\t\t\t<div class=\"elementor-column elementor-col-100 elementor-top-column elementor-element elementor-element-9598db6\" data-id=\"9598db6\" data-element_type=\"column\" data-e-type=\"column\">\n\t\t\t<div class=\"elementor-widget-wrap elementor-element-populated\">\n\t\t\t\t\t\t<div class=\"elementor-element elementor-element-22728d5 elementor-widget elementor-widget-heading\" data-id=\"22728d5\" data-element_type=\"widget\" data-e-type=\"widget\" data-widget_type=\"heading.default\">\n\t\t\t\t<div class=\"elementor-widget-container\">\n\t\t\t\t\t<h1 class=\"elementor-heading-title elementor-size-default\">EIF Fotboll shop<\/h1>\t\t\t\t<\/div>\n\t\t\t\t<\/div>\n\t\t\t\t\t<\/div>\n\t\t<\/div>\n\t\t\t\t\t<\/div>\n\t\t<\/section>\n\t\t\t\t<section class=\"elementor-section elementor-top-section elementor-element elementor-element-f923e8b elementor-section-boxed elementor-section-height-default elementor-section-height-default\" data-id=\"f923e8b\" data-element_type=\"section\" data-e-type=\"section\">\n\t\t\t\t\t\t<div class=\"elementor-container elementor-column-gap-default\">\n\t\t\t\t\t<div class=\"elementor-column elementor-col-100 elementor-top-column elementor-element elementor-element-a4a4e61\" data-id=\"a4a4e61\" data-element_type=\"column\" data-e-type=\"column\">\n\t\t\t<div class=\"elementor-widget-wrap elementor-element-populated\">\n\t\t\t\t\t\t<div class=\"elementor-element elementor-element-4c21fe2 elementor-widget-divider--view-line elementor-widget elementor-widget-divider\" data-id=\"4c21fe2\" data-element_type=\"widget\" data-e-type=\"widget\" data-widget_type=\"divider.default\">\n\t\t\t\t<div class=\"elementor-widget-container\">\n\t\t\t\t\t\t\t<div class=\"elementor-divider\">\n\t\t\t<span class=\"elementor-divider-separator\">\n\t\t\t\t\t\t<\/span>\n\t\t<\/div>\n\t\t\t\t\t\t<\/div>\n\t\t\t\t<\/div>\n\t\t\t\t\t<\/div>\n\t\t<\/div>\n\t\t\t\t\t<\/div>\n\t\t<\/section>\n\t\t\t\t<section class=\"elementor-section elementor-top-section elementor-element elementor-element-9a54a40 elementor-section-boxed elementor-section-height-default elementor-section-height-default\" data-id=\"9a54a40\" data-element_type=\"section\" data-e-type=\"section\">\n\t\t\t\t\t\t<div class=\"elementor-container elementor-column-gap-default\">\n\t\t\t\t\t<div class=\"elementor-column elementor-col-100 elementor-top-column elementor-element elementor-element-191e50b\" data-id=\"191e50b\" data-element_type=\"column\" data-e-type=\"column\">\n\t\t\t<div class=\"elementor-widget-wrap elementor-element-populated\">\n\t\t\t\t\t\t<div class=\"elementor-element elementor-element-4fb3b05 elementor-grid-4 elementor-grid-tablet-3 elementor-grid-mobile-1 pp-woo--align-left pp-sale-badge-custom elementor-widget elementor-widget-pp-woo-products\" data-id=\"4fb3b05\" data-element_type=\"widget\" data-e-type=\"widget\" data-settings=\"{&quot;products_columns&quot;:&quot;4&quot;,&quot;products_columns_tablet&quot;:&quot;3&quot;,&quot;products_columns_mobile&quot;:&quot;1&quot;}\" data-widget_type=\"pp-woo-products.skin-1\">\n\t\t\t\t<div class=\"elementor-widget-container\">\n\t\t\t\t\t<div class=\"pp-woocommerce pp-woo-products-grid pp-woo-skin-skin-1 pp-woo-query-all\" data-page=\"838\" data-skin=\"skin-1\" data-product-id=\"0\"><div class=\" columns-4 pp-woo-products-inner pp-woo-product__column-4 pp-woo-product__column-tablet-3 pp-woo-product__column-mobile-1 pp-woo-product__hover-zoom\"><ul class=\"products elementor-grid columns-4\">\n<li class=\"elementor-grid-item post-1683 product type-product status-publish has-post-thumbnail product_cat-vaatteet  instock taxable shipping-taxable purchasable product-type-variable\">\r\n\t<div class=\"pp-woo-product-wrapper\">\r\n\t\t<div class=\"pp-woo-products-thumbnail-wrap\"><div class=\"pp-badge-container pp-left-badge-container\"><\/div><a href=\"https:\/\/webshop.eiffotboll.fi\/fi\/produkt\/eif-pelipaita\" class=\"woocommerce-LoopProduct-link woocommerce-loop-product__link\"><img fetchpriority=\"high\" decoding=\"async\" width=\"300\" height=\"300\" src=\"https:\/\/webshop.eiffotboll.fi\/wp-content\/uploads\/2024\/11\/01-Spelskjorta-vuxen-300x300.jpg\" class=\"attachment-woocommerce_thumbnail size-woocommerce_thumbnail\" alt=\"EIF PELIPAITA\" srcset=\"https:\/\/webshop.eiffotboll.fi\/wp-content\/uploads\/2024\/11\/01-Spelskjorta-vuxen-300x300.jpg 300w, https:\/\/webshop.eiffotboll.fi\/wp-content\/uploads\/2024\/11\/01-Spelskjorta-vuxen-1024x1024.jpg 1024w, https:\/\/webshop.eiffotboll.fi\/wp-content\/uploads\/2024\/11\/01-Spelskjorta-vuxen-150x150.jpg 150w, https:\/\/webshop.eiffotboll.fi\/wp-content\/uploads\/2024\/11\/01-Spelskjorta-vuxen-768x768.jpg 768w, https:\/\/webshop.eiffotboll.fi\/wp-content\/uploads\/2024\/11\/01-Spelskjorta-vuxen-600x600.jpg 600w, https:\/\/webshop.eiffotboll.fi\/wp-content\/uploads\/2024\/11\/01-Spelskjorta-vuxen-100x100.jpg 100w, https:\/\/webshop.eiffotboll.fi\/wp-content\/uploads\/2024\/11\/01-Spelskjorta-vuxen.jpg 1500w\" sizes=\"(max-width: 300px) 100vw, 300px\" \/><\/a><\/div><div class=\"pp-woo-products-summary-wrap\">\t\t\t<span class=\"pp-woo-product-category\">\n\t\t\t\tVaatteet\t\t\t<\/span> \n\t\t\t<a href=\"https:\/\/webshop.eiffotboll.fi\/fi\/produkt\/eif-pelipaita\" class=\"pp-loop-product__link\"><h2 class=\"woocommerce-loop-product__title\">EIF PELIPAITA<\/h2><\/a>\n\t<span class=\"price\"><span class=\"woocommerce-Price-amount amount\"><bdi>50,00&nbsp;<span class=\"woocommerce-Price-currencySymbol\">&euro;<\/span><\/bdi><\/span><\/span>\n<\/div>\t<\/div>\r\n<\/li>\r\n<li class=\"elementor-grid-item post-1714 product type-product status-publish has-post-thumbnail product_cat-vaatteet last instock taxable shipping-taxable purchasable product-type-simple\">\r\n\t<div class=\"pp-woo-product-wrapper\">\r\n\t\t<div class=\"pp-woo-products-thumbnail-wrap\"><div class=\"pp-badge-container pp-left-badge-container\"><\/div><a href=\"https:\/\/webshop.eiffotboll.fi\/fi\/produkt\/eif-pipo-2\" class=\"woocommerce-LoopProduct-link woocommerce-loop-product__link\"><img decoding=\"async\" width=\"300\" height=\"300\" src=\"https:\/\/webshop.eiffotboll.fi\/wp-content\/uploads\/2024\/11\/04b_pipo_ny_web-300x300.jpg\" class=\"attachment-woocommerce_thumbnail size-woocommerce_thumbnail\" alt=\"EIF PIPO\" srcset=\"https:\/\/webshop.eiffotboll.fi\/wp-content\/uploads\/2024\/11\/04b_pipo_ny_web-300x300.jpg 300w, https:\/\/webshop.eiffotboll.fi\/wp-content\/uploads\/2024\/11\/04b_pipo_ny_web-1024x1024.jpg 1024w, https:\/\/webshop.eiffotboll.fi\/wp-content\/uploads\/2024\/11\/04b_pipo_ny_web-150x150.jpg 150w, https:\/\/webshop.eiffotboll.fi\/wp-content\/uploads\/2024\/11\/04b_pipo_ny_web-768x768.jpg 768w, https:\/\/webshop.eiffotboll.fi\/wp-content\/uploads\/2024\/11\/04b_pipo_ny_web-600x600.jpg 600w, https:\/\/webshop.eiffotboll.fi\/wp-content\/uploads\/2024\/11\/04b_pipo_ny_web-100x100.jpg 100w, https:\/\/webshop.eiffotboll.fi\/wp-content\/uploads\/2024\/11\/04b_pipo_ny_web.jpg 1500w\" sizes=\"(max-width: 300px) 100vw, 300px\" \/><\/a><\/div><div class=\"pp-woo-products-summary-wrap\">\t\t\t<span class=\"pp-woo-product-category\">\n\t\t\t\tVaatteet\t\t\t<\/span> \n\t\t\t<a href=\"https:\/\/webshop.eiffotboll.fi\/fi\/produkt\/eif-pipo-2\" class=\"pp-loop-product__link\"><h2 class=\"woocommerce-loop-product__title\">EIF PIPO<\/h2><\/a>\n\t<span class=\"price\"><span class=\"woocommerce-Price-amount amount\"><bdi>25,00&nbsp;<span class=\"woocommerce-Price-currencySymbol\">&euro;<\/span><\/bdi><\/span><\/span>\n<\/div>\t<\/div>\r\n<\/li>\r\n<li class=\"elementor-grid-item post-1710 product type-product status-publish has-post-thumbnail product_cat-vaatteet  instock taxable shipping-taxable purchasable product-type-simple\">\r\n\t<div class=\"pp-woo-product-wrapper\">\r\n\t\t<div class=\"pp-woo-products-thumbnail-wrap\"><div class=\"pp-badge-container pp-left-badge-container\"><\/div><a href=\"https:\/\/webshop.eiffotboll.fi\/fi\/produkt\/eif-lippis-2\" class=\"woocommerce-LoopProduct-link woocommerce-loop-product__link\"><img decoding=\"async\" width=\"300\" height=\"300\" src=\"https:\/\/webshop.eiffotboll.fi\/wp-content\/uploads\/2024\/11\/05-Lippis-300x300.jpg\" class=\"attachment-woocommerce_thumbnail size-woocommerce_thumbnail\" alt=\"EIF LIPPIS\" srcset=\"https:\/\/webshop.eiffotboll.fi\/wp-content\/uploads\/2024\/11\/05-Lippis-300x300.jpg 300w, https:\/\/webshop.eiffotboll.fi\/wp-content\/uploads\/2024\/11\/05-Lippis-1024x1024.jpg 1024w, https:\/\/webshop.eiffotboll.fi\/wp-content\/uploads\/2024\/11\/05-Lippis-150x150.jpg 150w, https:\/\/webshop.eiffotboll.fi\/wp-content\/uploads\/2024\/11\/05-Lippis-768x768.jpg 768w, https:\/\/webshop.eiffotboll.fi\/wp-content\/uploads\/2024\/11\/05-Lippis-600x600.jpg 600w, https:\/\/webshop.eiffotboll.fi\/wp-content\/uploads\/2024\/11\/05-Lippis-100x100.jpg 100w, https:\/\/webshop.eiffotboll.fi\/wp-content\/uploads\/2024\/11\/05-Lippis.jpg 1500w\" sizes=\"(max-width: 300px) 100vw, 300px\" \/><\/a><\/div><div class=\"pp-woo-products-summary-wrap\">\t\t\t<span class=\"pp-woo-product-category\">\n\t\t\t\tVaatteet\t\t\t<\/span> \n\t\t\t<a href=\"https:\/\/webshop.eiffotboll.fi\/fi\/produkt\/eif-lippis-2\" class=\"pp-loop-product__link\"><h2 class=\"woocommerce-loop-product__title\">EIF LIPPIS<\/h2><\/a>\n\t<span class=\"price\"><span class=\"woocommerce-Price-amount amount\"><bdi>25,00&nbsp;<span class=\"woocommerce-Price-currencySymbol\">&euro;<\/span><\/bdi><\/span><\/span>\n<\/div>\t<\/div>\r\n<\/li>\r\n<li class=\"elementor-grid-item post-1706 product type-product status-publish has-post-thumbnail product_cat-vaatteet last instock taxable shipping-taxable purchasable product-type-simple\">\r\n\t<div class=\"pp-woo-product-wrapper\">\r\n\t\t<div class=\"pp-woo-products-thumbnail-wrap\"><div class=\"pp-badge-container pp-left-badge-container\"><\/div><a href=\"https:\/\/webshop.eiffotboll.fi\/fi\/produkt\/eif-huivi\" class=\"woocommerce-LoopProduct-link woocommerce-loop-product__link\"><img loading=\"lazy\" decoding=\"async\" width=\"300\" height=\"300\" src=\"https:\/\/webshop.eiffotboll.fi\/wp-content\/uploads\/2024\/11\/08b-halsduk-300x300.jpg\" class=\"attachment-woocommerce_thumbnail size-woocommerce_thumbnail\" alt=\"EIF KAULALIINA\" srcset=\"https:\/\/webshop.eiffotboll.fi\/wp-content\/uploads\/2024\/11\/08b-halsduk-300x300.jpg 300w, https:\/\/webshop.eiffotboll.fi\/wp-content\/uploads\/2024\/11\/08b-halsduk-1024x1024.jpg 1024w, https:\/\/webshop.eiffotboll.fi\/wp-content\/uploads\/2024\/11\/08b-halsduk-150x150.jpg 150w, https:\/\/webshop.eiffotboll.fi\/wp-content\/uploads\/2024\/11\/08b-halsduk-768x768.jpg 768w, https:\/\/webshop.eiffotboll.fi\/wp-content\/uploads\/2024\/11\/08b-halsduk-600x600.jpg 600w, https:\/\/webshop.eiffotboll.fi\/wp-content\/uploads\/2024\/11\/08b-halsduk-100x100.jpg 100w, https:\/\/webshop.eiffotboll.fi\/wp-content\/uploads\/2024\/11\/08b-halsduk.jpg 1500w\" sizes=\"(max-width: 300px) 100vw, 300px\" \/><\/a><\/div><div class=\"pp-woo-products-summary-wrap\">\t\t\t<span class=\"pp-woo-product-category\">\n\t\t\t\tVaatteet\t\t\t<\/span> \n\t\t\t<a href=\"https:\/\/webshop.eiffotboll.fi\/fi\/produkt\/eif-huivi\" class=\"pp-loop-product__link\"><h2 class=\"woocommerce-loop-product__title\">EIF KAULALIINA<\/h2><\/a>\n\t<span class=\"price\"><span class=\"woocommerce-Price-amount amount\"><bdi>25,00&nbsp;<span class=\"woocommerce-Price-currencySymbol\">&euro;<\/span><\/bdi><\/span><\/span>\n<\/div>\t<\/div>\r\n<\/li>\r\n<\/ul>\n<\/div><\/div>\t\t\t\t<\/div>\n\t\t\t\t<\/div>\n\t\t\t\t<div class=\"elementor-element elementor-element-a359324 elementor-align-left elementor-widget elementor-widget-button\" data-id=\"a359324\" data-element_type=\"widget\" data-e-type=\"widget\" data-widget_type=\"button.default\">\n\t\t\t\t<div class=\"elementor-widget-container\">\n\t\t\t\t\t\t\t\t\t<div class=\"elementor-button-wrapper\">\n\t\t\t\t\t<a class=\"elementor-button elementor-button-link elementor-size-sm\" href=\"https:\/\/webshop.eiffotboll.fi\/fi\/shop-2\">\n\t\t\t\t\t\t<span class=\"elementor-button-content-wrapper\">\n\t\t\t\t\t\t\t\t\t<span class=\"elementor-button-text\">N\u00e4yt\u00e4 kaikki tuotteet<\/span>\n\t\t\t\t\t<\/span>\n\t\t\t\t\t<\/a>\n\t\t\t\t<\/div>\n\t\t\t\t\t\t\t\t<\/div>\n\t\t\t\t<\/div>\n\t\t\t\t\t<\/div>\n\t\t<\/div>\n\t\t\t\t\t<\/div>\n\t\t<\/section>\n\t\t\t\t<\/div>\n\t\t","protected":false},"excerpt":{"rendered":"<p>EIF Fotboll shop S\u00e4songskort S\u00e4songskort 2023, VIP 350,00&nbsp;&euro; S\u00e4songskort S\u00e4songskort 2023, f\u00f6retag 200,00&nbsp;&euro; Sale! S\u00e4songskort S\u00e4songskort 2023, vuxna 150,00&nbsp;&euro; 99,00&nbsp;&euro; N\u00e4yt\u00e4 kaikki tuotteet<\/p>\n","protected":false},"author":47,"featured_media":768,"parent":0,"menu_order":0,"comment_status":"closed","ping_status":"closed","template":"elementor_header_footer","meta":{"_acf_changed":false,"footnotes":""},"class_list":["post-838","page","type-page","status-publish","has-post-thumbnail","hentry"],"acf":[],"yoast_head":"<!-- This site is optimized with the Yoast SEO plugin v26.9 - https:\/\/yoast.com\/product\/yoast-seo-wordpress\/ -->\n<title>Etusivu - EIF Fotboll Shop<\/title>\n<meta name=\"description\" content=\"Tervetuloa EIF Fotboll Shoppiin! Myym\u00e4l\u00e4ss\u00e4 on myynniss\u00e4 erilaisia \u200b\u200bEIF-tuotteita edullisin hinnoin.\" \/>\n<meta name=\"robots\" content=\"noindex, follow, max-snippet:-1, max-image-preview:large, max-video-preview:-1\" \/>\n<meta property=\"og:locale\" content=\"fi_FI\" \/>\n<meta property=\"og:type\" content=\"article\" \/>\n<meta property=\"og:title\" content=\"Etusivu - EIF Fotboll Shop\" \/>\n<meta property=\"og:description\" content=\"Tervetuloa EIF Fotboll Shoppiin! Myym\u00e4l\u00e4ss\u00e4 on myynniss\u00e4 erilaisia \u200b\u200bEIF-tuotteita edullisin hinnoin.\" \/>\n<meta property=\"og:url\" content=\"https:\/\/webshop.eiffotboll.fi\/fi\" \/>\n<meta property=\"og:site_name\" content=\"webshop.eiffotboll.fi\" \/>\n<meta property=\"article:modified_time\" content=\"2022-12-21T06:43:31+00:00\" \/>\n<meta property=\"og:image\" content=\"https:\/\/webshop.eiffotboll.fi\/wp-content\/uploads\/2022\/04\/eiffotboll_logo_web_lowres.png\" \/>\n\t<meta property=\"og:image:width\" content=\"240\" \/>\n\t<meta property=\"og:image:height\" content=\"240\" \/>\n\t<meta property=\"og:image:type\" content=\"image\/png\" \/>\n<meta name=\"twitter:card\" content=\"summary_large_image\" \/>\n<meta name=\"twitter:label1\" content=\"Arvioitu lukuaika\" \/>\n\t<meta name=\"twitter:data1\" content=\"1 minuutti\" \/>\n<script type=\"application\/ld+json\" class=\"yoast-schema-graph\">{\"@context\":\"https:\/\/schema.org\",\"@graph\":[{\"@type\":\"WebPage\",\"@id\":\"https:\/\/webshop.eiffotboll.fi\/fi\",\"url\":\"https:\/\/webshop.eiffotboll.fi\/fi\",\"name\":\"Etusivu - EIF Fotboll Shop\",\"isPartOf\":{\"@id\":\"https:\/\/webshop.eiffotboll.fi\/fi#website\"},\"primaryImageOfPage\":{\"@id\":\"https:\/\/webshop.eiffotboll.fi\/fi#primaryimage\"},\"image\":{\"@id\":\"https:\/\/webshop.eiffotboll.fi\/fi#primaryimage\"},\"thumbnailUrl\":\"https:\/\/webshop.eiffotboll.fi\/wp-content\/uploads\/2022\/04\/eiffotboll_logo_web_lowres.png\",\"datePublished\":\"2022-05-24T11:49:55+00:00\",\"dateModified\":\"2022-12-21T06:43:31+00:00\",\"description\":\"Tervetuloa EIF Fotboll Shoppiin! Myym\u00e4l\u00e4ss\u00e4 on myynniss\u00e4 erilaisia \u200b\u200bEIF-tuotteita edullisin hinnoin.\",\"breadcrumb\":{\"@id\":\"https:\/\/webshop.eiffotboll.fi\/fi#breadcrumb\"},\"inLanguage\":\"fi\",\"potentialAction\":[{\"@type\":\"ReadAction\",\"target\":[\"https:\/\/webshop.eiffotboll.fi\/fi\"]}]},{\"@type\":\"ImageObject\",\"inLanguage\":\"fi\",\"@id\":\"https:\/\/webshop.eiffotboll.fi\/fi#primaryimage\",\"url\":\"https:\/\/webshop.eiffotboll.fi\/wp-content\/uploads\/2022\/04\/eiffotboll_logo_web_lowres.png\",\"contentUrl\":\"https:\/\/webshop.eiffotboll.fi\/wp-content\/uploads\/2022\/04\/eiffotboll_logo_web_lowres.png\",\"width\":240,\"height\":240},{\"@type\":\"BreadcrumbList\",\"@id\":\"https:\/\/webshop.eiffotboll.fi\/fi#breadcrumb\",\"itemListElement\":[{\"@type\":\"ListItem\",\"position\":1,\"name\":\"Etusivu\",\"item\":\"https:\/\/webshop.eiffotboll.fi\/fi\"},{\"@type\":\"ListItem\",\"position\":2,\"name\":\"Etusivu\"}]},{\"@type\":\"WebSite\",\"@id\":\"https:\/\/webshop.eiffotboll.fi\/fi#website\",\"url\":\"https:\/\/webshop.eiffotboll.fi\/fi\",\"name\":\"webshop.eiffotboll.fi\",\"description\":\"\",\"publisher\":{\"@id\":\"https:\/\/webshop.eiffotboll.fi\/fi#organization\"},\"potentialAction\":[{\"@type\":\"SearchAction\",\"target\":{\"@type\":\"EntryPoint\",\"urlTemplate\":\"https:\/\/webshop.eiffotboll.fi\/fi?s={search_term_string}\"},\"query-input\":{\"@type\":\"PropertyValueSpecification\",\"valueRequired\":true,\"valueName\":\"search_term_string\"}}],\"inLanguage\":\"fi\"},{\"@type\":\"Organization\",\"@id\":\"https:\/\/webshop.eiffotboll.fi\/fi#organization\",\"name\":\"webshop.eiffotboll.fi\",\"url\":\"https:\/\/webshop.eiffotboll.fi\/fi\",\"logo\":{\"@type\":\"ImageObject\",\"inLanguage\":\"fi\",\"@id\":\"https:\/\/webshop.eiffotboll.fi\/fi#\/schema\/logo\/image\/\",\"url\":\"https:\/\/webshop.eiffotboll.fi\/wp-content\/uploads\/2022\/04\/eif-emblem31.png\",\"contentUrl\":\"https:\/\/webshop.eiffotboll.fi\/wp-content\/uploads\/2022\/04\/eif-emblem31.png\",\"width\":961,\"height\":821,\"caption\":\"webshop.eiffotboll.fi\"},\"image\":{\"@id\":\"https:\/\/webshop.eiffotboll.fi\/fi#\/schema\/logo\/image\/\"}}]}<\/script>\n<!-- \/ Yoast SEO plugin. -->","yoast_head_json":{"title":"Etusivu - EIF Fotboll Shop","description":"Tervetuloa EIF Fotboll Shoppiin! Myym\u00e4l\u00e4ss\u00e4 on myynniss\u00e4 erilaisia \u200b\u200bEIF-tuotteita edullisin hinnoin.","robots":{"index":"noindex","follow":"follow","max-snippet":"max-snippet:-1","max-image-preview":"max-image-preview:large","max-video-preview":"max-video-preview:-1"},"og_locale":"fi_FI","og_type":"article","og_title":"Etusivu - EIF Fotboll Shop","og_description":"Tervetuloa EIF Fotboll Shoppiin! Myym\u00e4l\u00e4ss\u00e4 on myynniss\u00e4 erilaisia \u200b\u200bEIF-tuotteita edullisin hinnoin.","og_url":"https:\/\/webshop.eiffotboll.fi\/fi","og_site_name":"webshop.eiffotboll.fi","article_modified_time":"2022-12-21T06:43:31+00:00","og_image":[{"width":240,"height":240,"url":"https:\/\/webshop.eiffotboll.fi\/wp-content\/uploads\/2022\/04\/eiffotboll_logo_web_lowres.png","type":"image\/png"}],"twitter_card":"summary_large_image","twitter_misc":{"Arvioitu lukuaika":"1 minuutti"},"schema":{"@context":"https:\/\/schema.org","@graph":[{"@type":"WebPage","@id":"https:\/\/webshop.eiffotboll.fi\/fi","url":"https:\/\/webshop.eiffotboll.fi\/fi","name":"Etusivu - EIF Fotboll Shop","isPartOf":{"@id":"https:\/\/webshop.eiffotboll.fi\/fi#website"},"primaryImageOfPage":{"@id":"https:\/\/webshop.eiffotboll.fi\/fi#primaryimage"},"image":{"@id":"https:\/\/webshop.eiffotboll.fi\/fi#primaryimage"},"thumbnailUrl":"https:\/\/webshop.eiffotboll.fi\/wp-content\/uploads\/2022\/04\/eiffotboll_logo_web_lowres.png","datePublished":"2022-05-24T11:49:55+00:00","dateModified":"2022-12-21T06:43:31+00:00","description":"Tervetuloa EIF Fotboll Shoppiin! Myym\u00e4l\u00e4ss\u00e4 on myynniss\u00e4 erilaisia \u200b\u200bEIF-tuotteita edullisin hinnoin.","breadcrumb":{"@id":"https:\/\/webshop.eiffotboll.fi\/fi#breadcrumb"},"inLanguage":"fi","potentialAction":[{"@type":"ReadAction","target":["https:\/\/webshop.eiffotboll.fi\/fi"]}]},{"@type":"ImageObject","inLanguage":"fi","@id":"https:\/\/webshop.eiffotboll.fi\/fi#primaryimage","url":"https:\/\/webshop.eiffotboll.fi\/wp-content\/uploads\/2022\/04\/eiffotboll_logo_web_lowres.png","contentUrl":"https:\/\/webshop.eiffotboll.fi\/wp-content\/uploads\/2022\/04\/eiffotboll_logo_web_lowres.png","width":240,"height":240},{"@type":"BreadcrumbList","@id":"https:\/\/webshop.eiffotboll.fi\/fi#breadcrumb","itemListElement":[{"@type":"ListItem","position":1,"name":"Etusivu","item":"https:\/\/webshop.eiffotboll.fi\/fi"},{"@type":"ListItem","position":2,"name":"Etusivu"}]},{"@type":"WebSite","@id":"https:\/\/webshop.eiffotboll.fi\/fi#website","url":"https:\/\/webshop.eiffotboll.fi\/fi","name":"webshop.eiffotboll.fi","description":"","publisher":{"@id":"https:\/\/webshop.eiffotboll.fi\/fi#organization"},"potentialAction":[{"@type":"SearchAction","target":{"@type":"EntryPoint","urlTemplate":"https:\/\/webshop.eiffotboll.fi\/fi?s={search_term_string}"},"query-input":{"@type":"PropertyValueSpecification","valueRequired":true,"valueName":"search_term_string"}}],"inLanguage":"fi"},{"@type":"Organization","@id":"https:\/\/webshop.eiffotboll.fi\/fi#organization","name":"webshop.eiffotboll.fi","url":"https:\/\/webshop.eiffotboll.fi\/fi","logo":{"@type":"ImageObject","inLanguage":"fi","@id":"https:\/\/webshop.eiffotboll.fi\/fi#\/schema\/logo\/image\/","url":"https:\/\/webshop.eiffotboll.fi\/wp-content\/uploads\/2022\/04\/eif-emblem31.png","contentUrl":"https:\/\/webshop.eiffotboll.fi\/wp-content\/uploads\/2022\/04\/eif-emblem31.png","width":961,"height":821,"caption":"webshop.eiffotboll.fi"},"image":{"@id":"https:\/\/webshop.eiffotboll.fi\/fi#\/schema\/logo\/image\/"}}]}},"_links":{"self":[{"href":"https:\/\/webshop.eiffotboll.fi\/fi\/wp-json\/wp\/v2\/pages\/838","targetHints":{"allow":["GET"]}}],"collection":[{"href":"https:\/\/webshop.eiffotboll.fi\/fi\/wp-json\/wp\/v2\/pages"}],"about":[{"href":"https:\/\/webshop.eiffotboll.fi\/fi\/wp-json\/wp\/v2\/types\/page"}],"author":[{"embeddable":true,"href":"https:\/\/webshop.eiffotboll.fi\/fi\/wp-json\/wp\/v2\/users\/47"}],"replies":[{"embeddable":true,"href":"https:\/\/webshop.eiffotboll.fi\/fi\/wp-json\/wp\/v2\/comments?post=838"}],"version-history":[{"count":14,"href":"https:\/\/webshop.eiffotboll.fi\/fi\/wp-json\/wp\/v2\/pages\/838\/revisions"}],"predecessor-version":[{"id":1253,"href":"https:\/\/webshop.eiffotboll.fi\/fi\/wp-json\/wp\/v2\/pages\/838\/revisions\/1253"}],"wp:featuredmedia":[{"embeddable":true,"href":"https:\/\/webshop.eiffotboll.fi\/fi\/wp-json\/wp\/v2\/media\/768"}],"wp:attachment":[{"href":"https:\/\/webshop.eiffotboll.fi\/fi\/wp-json\/wp\/v2\/media?parent=838"}],"curies":[{"name":"wp","href":"https:\/\/api.w.org\/{rel}","templated":true}]}}